{"id":72,"date":"2019-08-24T13:36:25","date_gmt":"2019-08-24T11:36:25","guid":{"rendered":"http:\/\/www.kulturrat-friedberg.de\/?page_id=72"},"modified":"2019-08-26T15:33:27","modified_gmt":"2019-08-26T13:33:27","slug":"kulturrat","status":"publish","type":"page","link":"https:\/\/www.kulturrat-friedberg.de\/?page_id=72","title":{"rendered":"Kulturrat"},"content":{"rendered":"<div class=\"wpb-content-wrapper\"><p>[vc_row][vc_column][vc_column_text]Der Friedberger Kulturrat m\u00f6chte das Thema KULTUR st\u00e4rker in den Fokus der Friedberger \u00d6ffentlichkeit stellen. F\u00fcr uns ist ein vielseitiges Kulturangebot wesentlicher, identit\u00e4tsstiftender Teil eines Gemeinwesens, ein Standortfaktor mit Anziehungskraft und ein Mittel gegen Intoleranz und Populismus.<\/p>\n<p><strong>KULTUR ist der Kitt der Gesellschaft<\/strong><\/p>\n<p>In Friedberg sogen wir Kulturschaffende f\u00fcr ein umfangreiches, vielf\u00e4ltiges und qualitativ hochwertiges Angebot. Trotzdem hat die st\u00e4dtische und regionale Bev\u00f6lkerung subjektiv oft den Eindruck, es g\u00e4be kein ausreichendes Angebot.<\/p>\n<p>Dies ist, nach unserer Auffassung, \u00a0unter anderem damit begr\u00fcndet, dass das vorhandene Angebot insgesamt nicht ausreichend und \u00fcberschaubar vermarktet wird. Wir w\u00fcnschen uns hier die Nutzung vorhandener und den Ausbau zu entwickelnder Potentiale.<\/p>\n<p>Insbesondere neue Bev\u00f6lkerungsgruppen scheinen die Angebote wenig wahrzunehmen \u2013 sowohl im Sinne einer Teilhabe als auch im Hinblick auf Kenntnisnahme des Angebots \u00fcberhaupt. Die Teilnahme an Veranstaltungen in der Stadt \u2013 so unsere Feststellung \u2013 ist als Folge genannter Defizite f\u00fcr breite Bev\u00f6lkerungsschichten immer seltener \u201egesellschaftlicher Konsens\/Muss\u201c.<\/p>\n<p><strong>Es fehlt an einer Identifikation mit dieser Stadt<\/strong><\/p>\n<p>Es muss im Interesse aller sein, zur Erreichung dieser Identifikation das Kulturangebot als wichtiges Gemeingut zu nutzen. Dabei ist vielfach bewiesen, dass sich die Investition in ein Kulturangebot auszahlt:<\/p>\n<ul>\n<li>in Lebenszufriedenheit<\/li>\n<li>in regionaler Wertsch\u00f6pfung<\/li>\n<li>als Standortvorteil bei Unternehmensinvestitionen<\/li>\n<li>in Bindung an die Stadt und deren Kulturtr\u00e4ger<\/li>\n<\/ul>\n<p>Wir sind \u00fcberzeugt, dass FRIEDBERG sich mit seinen kulturellen und touristischen Angeboten st\u00e4rker und attraktiver auf dem regionalen Kulturmarkt pr\u00e4sentieren muss. Nach dem Beschluss der Stadtverordnetenversammlung im Mai 2017, in der der Beitritt Friedbergs zur TourismusRegion Wetterau GmbH ab 2018 beschlossen wurde, sind unserer Auffassung nach nun Wege in der Pr\u00e4sentation Friedbergs als Kulturstandort n\u00f6tig.<\/p>\n<p><strong>Wir stellen uns beispielsweise vor<\/strong><\/p>\n<ul>\n<li><strong>die Entwicklung eines eigenen Friedberger Kulturlabels<\/strong>, das zusammengefasst, innerhalb digitaler Medien als auch in klassischen Printmedien, das Friedberger Kulturleben aktuell, kreativ und interessant pr\u00e4sentiert.<\/li>\n<li><strong>ein st\u00e4dtisches Tourismusb\u00fcro als Informationsb\u00f6rse eingerichtet wird<\/strong>, in zentraler Innenstadtlage (Kaiserstra\u00dfe!). Das st\u00e4dtische Kulturamt muss hier als Koordinator und Moderator fungieren \u2013 das wird nicht ohne eine Ausweitung des Personals und eine Aufstockung des Kulturetats gehen.<\/li>\n<\/ul>\n<p>Mit der Gr\u00fcndung des Friedberger Kulturrates im Jahr 2017 gehen wir einen weiteren Schritt hin zum Aufbau einer vernetzten und kooperativen Struktur im Kulturbereich.<\/p>\n<p><strong>Wir verstehen uns<\/strong><\/p>\n<ul>\n<li>als Ideengeber und Plattform zum Aufbau einer kulturellen Infrastruktur.<\/li>\n<li>nicht als Konkurrenz zu bestehenden Foren und Organisationen, sondern als Erg\u00e4nzung.<\/li>\n<\/ul>\n<p>Wir sind der festen \u00dcberzeugung, dass Friedberg einiges zu bieten hat und noch bieten kann. Ein Heben und Herausstellen dieser \u201eSch\u00e4tze\u201c, ein Ausbau des kulturellen Angebots und dessen Weiterentwicklung kann in einem kooperativen Prozess zwischen freien Tr\u00e4gern, K\u00fcnstlerInnen und der Stadt Friedberg gelingen! In diesem Sinne suchen wir das Gespr\u00e4ch und verstehen unsere Arbeit.<\/p>\n<p><strong>Daf\u00fcr setzen wir uns ein:<\/strong><\/p>\n<ul>\n<li>Erhalt und Ausbau des umfangreichen, vielf\u00e4ltigen und qualitativ hochwertigen Kulturangebots in Friedberg. F\u00fcr dieses Angebot m\u00fcssen ad\u00e4quate Rahmenbedingungen geschaffen werden. Zus\u00e4tzlich ist die professionelle Vermarktung dieses Angebots unbedingt erforderlich.<\/li>\n<li>Erreichung einer st\u00e4rkeren Identifikation der Bewohner mit ihrer Stadt \u00fcber attraktive und f\u00fcr die breite Bev\u00f6lkerung zug\u00e4ngliche kulturelle Angebote.<\/li>\n<li>Einrichtung einer vernetzten und kooperativen Infrastruktur Kulturschaffender zur Nutzung von Synergieeffekten, gegenseitiger Unterst\u00fctzung und koordinierter Veranstaltungsterminierung. Weiterhin m\u00f6chten wir uns als Ideengeber und Kooperationspartner f\u00fcr das st\u00e4dtische Kulturamt positionieren.<\/li>\n<\/ul>\n<p>[\/vc_column_text][\/vc_column][\/vc_row]<\/p>\n<\/div>","protected":false},"excerpt":{"rendered":"<p>[vc_row][vc_column][vc_column_text]Der Friedberger Kulturrat m\u00f6chte das Thema KULTUR st\u00e4rker in den Fokus der Friedberger \u00d6ffentlichkeit stellen. F\u00fcr uns ist ein vielseitiges Kulturangebot wesentlicher, identit\u00e4tsstiftender Teil eines Gemeinwesens, ein Standortfaktor mit Anziehungskraft und ein Mittel gegen Intoleranz und Populismus. KULTUR ist der Kitt der Gesellschaft In Friedberg sogen wir Kulturschaffende f\u00fcr ein umfangreiches, vielf\u00e4ltiges und qualitativ hochwertiges&hellip;<\/p>\n","protected":false},"author":3,"featured_media":0,"parent":0,"menu_order":0,"comment_status":"closed","ping_status":"closed","template":"","meta":{"footnotes":""},"class_list":["post-72","page","type-page","status-publish","hentry","description-off"],"_links":{"self":[{"href":"https:\/\/www.kulturrat-friedberg.de\/index.php?rest_route=\/wp\/v2\/pages\/72","targetHints":{"allow":["GET"]}}],"collection":[{"href":"https:\/\/www.kulturrat-friedberg.de\/index.php?rest_route=\/wp\/v2\/pages"}],"about":[{"href":"https:\/\/www.kulturrat-friedberg.de\/index.php?rest_route=\/wp\/v2\/types\/page"}],"author":[{"embeddable":true,"href":"https:\/\/www.kulturrat-friedberg.de\/index.php?rest_route=\/wp\/v2\/users\/3"}],"replies":[{"embeddable":true,"href":"https:\/\/www.kulturrat-friedberg.de\/index.php?rest_route=%2Fwp%2Fv2%2Fcomments&post=72"}],"version-history":[{"count":2,"href":"https:\/\/www.kulturrat-friedberg.de\/index.php?rest_route=\/wp\/v2\/pages\/72\/revisions"}],"predecessor-version":[{"id":111,"href":"https:\/\/www.kulturrat-friedberg.de\/index.php?rest_route=\/wp\/v2\/pages\/72\/revisions\/111"}],"wp:attachment":[{"href":"https:\/\/www.kulturrat-friedberg.de\/index.php?rest_route=%2Fwp%2Fv2%2Fmedia&parent=72"}],"curies":[{"name":"wp","href":"https:\/\/api.w.org\/{rel}","templated":true}]}}