{"id":76,"date":"2019-08-24T13:40:18","date_gmt":"2019-08-24T11:40:18","guid":{"rendered":"http:\/\/www.kulturrat-friedberg.de\/?page_id=76"},"modified":"2023-06-03T19:34:32","modified_gmt":"2023-06-03T17:34:32","slug":"impressum","status":"publish","type":"page","link":"https:\/\/www.kulturrat-friedberg.de\/?page_id=76","title":{"rendered":"Impressum"},"content":{"rendered":"<div class=\"wpb-content-wrapper\"><p>[vc_row][vc_column][vc_column_text]<strong>Sprecher<\/strong><\/p>\n<p>Andrej Seuss<br \/>\nKlaus Schumacher<\/p>\n<p>Kontakt: <a href=\"mailto:info@kulturrat-friedberg.de\">info@kulturrat-friedberg.de<\/a><\/p>\n<p>&nbsp;<\/p>\n<p><strong>Haftung f\u00fcr Inhalte<\/strong><\/p>\n<p>Wir erstellen unsere Seiten mit gr\u00f6\u00dfter Sorgfalt, wobei wir f\u00fcr die Richtigkeit, Vollst\u00e4ndigkeit und Aktualit\u00e4t der Inhalte keine Gew\u00e4hr \u00fcbernehmen k\u00f6nnen. Gem\u00e4\u00df \u00a7 7 Abs.1 TMG sind wir als Anbieter von Diensten f\u00fcr eigene Inhalte auf diesen Seiten nach den allgemeinen Gesetzen verantwortlich, jedoch sind wir nach \u00a7\u00a7 8 bis 10 TMG nicht verpflichtet, \u00fcbermittelte oder gespeicherte fremde Informationen zu \u00fcberwachen oder nach Umst\u00e4nden zu forschen, die auf eine rechtswidrige T\u00e4tigkeit hinweisen. Hiervon bleiben Verpflichtungen zur Entfernung oder Sperrung der Nutzung von Informationen nach den allgemeinen Gesetzen unber\u00fchrt. Eine diesbez\u00fcgliche Haftung ist jedoch erst ab dem Zeitpunkt der Kenntnis einer konkreten Rechtsverletzung m\u00f6glich. Sollten entsprechende Rechtsverletzungen bekannt werden, werden wir diese Inhalte umgehend entfernen.<\/p>\n<p>&nbsp;<\/p>\n<p><strong>Haftung f\u00fcr Links<\/strong><\/p>\n<p>Ein Teil unseres Angebots beinhaltet Links zu externen Webseiten Dritter, auf deren Inhalte wir keinen Einfluss haben. Daher k\u00f6nnen wir f\u00fcr diese fremden Inhalte auch keine Gew\u00e4hr \u00fcbernehmen. Die Verantwortung f\u00fcr die Inhalte der verlinkten Seiten tr\u00e4gt stets der jeweilige Anbieter oder Betreiber der Seiten. Eine \u00dcberpr\u00fcfung der verlinkten Seiten auf m\u00f6gliche Rechtsverst\u00f6\u00dfe ist zum Zeitpunkt der Verlinkung erfolgt. Inhalte rechtswidriger Natur waren zum Zeitpunkt der Verlinkung nicht erkennbar. Jedoch ist eine permanente inhaltliche Kontrolle der verlinkten Seiten ohne konkrete Anhaltspunkte einer Rechtsverletzung nicht zumutbar. Sollten Rechtsverletzungen bekannt werden, werden wir derartige Links umgehend entfernen.<\/p>\n<p>&nbsp;<\/p>\n<p><strong>Urheberrecht<\/strong><\/p>\n<p>Inhalte und Werke auf diesen Seiten, welche durch die Seitenbetreiber erstellten wurden, unterliegen dem deutschen Urheberrecht. Bei Vervielf\u00e4ltigung, Bearbeitung, Verbreitung und jeder Art der Verwertung au\u00dferhalb der Grenzen des Urheberrechtes ist eine schriftliche Zustimmung des jeweiligen Autors bzw. Erstellers erforderlich. Die Durchf\u00fchrung von Downloads und die Verwendung von Kopien dieser Seite sind nur f\u00fcr den privaten, nicht kommerziellen Gebrauch gestattet. Die Urheberrechte Dritter werden beachtet, soweit die Inhalte auf dieser Seite nicht vom Betreiber erstellt wurden. Inhalte Dritter werden als solche gekennzeichnet. Bitte informieren Sie uns, wenn Sie trotzdem auf eine Urheberrechtsverletzung aufmerksam werden. Wir werden derartige Inhalte umgehend entfernen, sollten Rechtsverletzungen bekannt werde[\/vc_column_text][\/vc_column][\/vc_row]<\/p>\n<\/div>","protected":false},"excerpt":{"rendered":"<p>[vc_row][vc_column][vc_column_text]Sprecher Andrej Seuss Klaus Schumacher Kontakt: info@kulturrat-friedberg.de &nbsp; Haftung f\u00fcr Inhalte Wir erstellen unsere Seiten mit gr\u00f6\u00dfter Sorgfalt, wobei wir f\u00fcr die Richtigkeit, Vollst\u00e4ndigkeit und Aktualit\u00e4t der Inhalte keine Gew\u00e4hr \u00fcbernehmen k\u00f6nnen. Gem\u00e4\u00df \u00a7 7 Abs.1 TMG sind wir als Anbieter von Diensten f\u00fcr eigene Inhalte auf diesen Seiten nach den allgemeinen Gesetzen verantwortlich, jedoch&hellip;<\/p>\n","protected":false},"author":3,"featured_media":0,"parent":0,"menu_order":0,"comment_status":"closed","ping_status":"closed","template":"","meta":{"footnotes":""},"class_list":["post-76","page","type-page","status-publish","hentry","description-off"],"_links":{"self":[{"href":"https:\/\/www.kulturrat-friedberg.de\/index.php?rest_route=\/wp\/v2\/pages\/76","targetHints":{"allow":["GET"]}}],"collection":[{"href":"https:\/\/www.kulturrat-friedberg.de\/index.php?rest_route=\/wp\/v2\/pages"}],"about":[{"href":"https:\/\/www.kulturrat-friedberg.de\/index.php?rest_route=\/wp\/v2\/types\/page"}],"author":[{"embeddable":true,"href":"https:\/\/www.kulturrat-friedberg.de\/index.php?rest_route=\/wp\/v2\/users\/3"}],"replies":[{"embeddable":true,"href":"https:\/\/www.kulturrat-friedberg.de\/index.php?rest_route=%2Fwp%2Fv2%2Fcomments&post=76"}],"version-history":[{"count":2,"href":"https:\/\/www.kulturrat-friedberg.de\/index.php?rest_route=\/wp\/v2\/pages\/76\/revisions"}],"predecessor-version":[{"id":343,"href":"https:\/\/www.kulturrat-friedberg.de\/index.php?rest_route=\/wp\/v2\/pages\/76\/revisions\/343"}],"wp:attachment":[{"href":"https:\/\/www.kulturrat-friedberg.de\/index.php?rest_route=%2Fwp%2Fv2%2Fmedia&parent=76"}],"curies":[{"name":"wp","href":"https:\/\/api.w.org\/{rel}","templated":true}]}}