{"id":8,"date":"2019-08-17T16:03:41","date_gmt":"2019-08-17T14:03:41","guid":{"rendered":"http:\/\/dev.kulturrat-friedberg.de\/?page_id=8"},"modified":"2024-02-06T01:19:47","modified_gmt":"2024-02-06T00:19:47","slug":"friedberger-kulturnacht","status":"publish","type":"page","link":"https:\/\/www.kulturrat-friedberg.de\/","title":{"rendered":"Startseite"},"content":{"rendered":"<div class=\"wpb-content-wrapper\"><p>[vc_row][vc_column][vc_column_text]Willkommen auf der Seite des Friedberger Kulturrats. <span style=\"font-family: 'Calibri',sans-serif;\">Es freut uns, dass Sie den Weg zu uns gefunden haben.<\/span><\/p>\n<p><span style=\"font-family: 'Calibri',sans-serif;\">Wir sind ein B\u00fcndnis Friedberger Kulturschaffender. Unser Ziel besteht darin, das vielf\u00e4ltige und anspruchsvolle kulturelle Angebot unserer Stadt zu vermitteln und Interessierten eine Teilhabe zu erm\u00f6glichen.<\/span><\/p>\n<p>Wenn Sie \u00fcber Veranstaltungen informiert werden m\u00f6chten, oder selbst \u00fcber eine Veranstaltung in Friedberg (Hessen) informieren m\u00f6chten, senden Sie bitte eine Mail an <a href=\"mailto:bildungsforum@kulturrat-friedberg.de\">bildungsforum@kulturrat-friedberg.de<\/a><\/p>\n<p>Zur B\u00fcrgermeisterwahl 2023 in Friedberg haben wir das Kulturverst\u00e4ndnis der Kandidat:innen auf den Pr\u00fcfstand gestellt. Die Aufzeichnungen finden Sie in unserem Kulturrat Podcast: <a href=\"https:\/\/podcasters.spotify.com\/pod\/show\/kulturrat\/\">https:\/\/podcasters.spotify.com\/pod\/show\/kulturrat\/<\/a>[\/vc_column_text][\/vc_column][\/vc_row]<\/p>\n<\/div>","protected":false},"excerpt":{"rendered":"<p>[vc_row][vc_column][vc_column_text]Willkommen auf der Seite des Friedberger Kulturrats. Es freut uns, dass Sie den Weg zu uns gefunden haben. Wir sind ein B\u00fcndnis Friedberger Kulturschaffender. Unser Ziel besteht darin, das vielf\u00e4ltige und anspruchsvolle kulturelle Angebot unserer Stadt zu vermitteln und Interessierten eine Teilhabe zu erm\u00f6glichen. Wenn Sie \u00fcber Veranstaltungen informiert werden m\u00f6chten, oder selbst \u00fcber eine&hellip;<\/p>\n","protected":false},"author":3,"featured_media":0,"parent":0,"menu_order":0,"comment_status":"closed","ping_status":"closed","template":"","meta":{"footnotes":""},"class_list":["post-8","page","type-page","status-publish","hentry","description-off"],"_links":{"self":[{"href":"https:\/\/www.kulturrat-friedberg.de\/index.php?rest_route=\/wp\/v2\/pages\/8","targetHints":{"allow":["GET"]}}],"collection":[{"href":"https:\/\/www.kulturrat-friedberg.de\/index.php?rest_route=\/wp\/v2\/pages"}],"about":[{"href":"https:\/\/www.kulturrat-friedberg.de\/index.php?rest_route=\/wp\/v2\/types\/page"}],"author":[{"embeddable":true,"href":"https:\/\/www.kulturrat-friedberg.de\/index.php?rest_route=\/wp\/v2\/users\/3"}],"replies":[{"embeddable":true,"href":"https:\/\/www.kulturrat-friedberg.de\/index.php?rest_route=%2Fwp%2Fv2%2Fcomments&post=8"}],"version-history":[{"count":23,"href":"https:\/\/www.kulturrat-friedberg.de\/index.php?rest_route=\/wp\/v2\/pages\/8\/revisions"}],"predecessor-version":[{"id":348,"href":"https:\/\/www.kulturrat-friedberg.de\/index.php?rest_route=\/wp\/v2\/pages\/8\/revisions\/348"}],"wp:attachment":[{"href":"https:\/\/www.kulturrat-friedberg.de\/index.php?rest_route=%2Fwp%2Fv2%2Fmedia&parent=8"}],"curies":[{"name":"wp","href":"https:\/\/api.w.org\/{rel}","templated":true}]}}